{"id":1299,"date":"2026-04-26T21:06:17","date_gmt":"2026-04-26T21:06:17","guid":{"rendered":"https:\/\/espaciogourmetika.com\/?page_id=1299"},"modified":"2026-05-07T13:56:17","modified_gmt":"2026-05-07T13:56:17","slug":"noticias","status":"publish","type":"page","link":"https:\/\/espaciogourmetika.com\/index.php\/noticias\/","title":{"rendered":"Noticias"},"content":{"rendered":"\n<main class=\"wp-block-group blog-two-columns has-global-padding is-layout-constrained wp-container-core-group-is-layout-cf58ad2e wp-block-group-is-layout-constrained\" style=\"padding-top:var(--wp--preset--spacing--superbspacing-xsmall);padding-right:var(--wp--preset--spacing--superbspacing-small);padding-bottom:var(--wp--preset--spacing--superbspacing-large);padding-left:var(--wp--preset--spacing--superbspacing-small)\">\n<h2 class=\"wp-block-heading has-contrast-color has-text-color has-neue-montreal-font-family\" style=\"margin-bottom:50px\">Posts Recientes<\/h2>\n\n\n\n<div class=\"wp-block-query alignwide has-global-padding is-layout-constrained wp-container-core-query-is-layout-db9edeb8 wp-block-query-is-layout-constrained\"><ul class=\"alignwide wp-block-post-template is-layout-flow wp-container-core-post-template-is-layout-56df9aa4 wp-block-post-template-is-layout-flow\"><li class=\"wp-block-post post-1351 post type-post status-publish format-standard hentry category-uncategorized\">\n\n<div class=\"wp-block-group alignwide is-nowrap is-layout-flex wp-container-core-group-is-layout-bb2c3a78 wp-block-group-is-layout-flex\" style=\"border-bottom-style:none;border-bottom-width:0px;margin-bottom:0;padding-top:0;padding-bottom:0\">\n\n\n<div class=\"wp-block-group is-layout-flow wp-block-group-is-layout-flow\"><h2 style=\"font-style:normal;font-weight:600; margin-top:0px;\" class=\"wp-block-post-title has-text-color has-mono-1-color has-superbfont-large-font-size\"><a href=\"https:\/\/espaciogourmetika.com\/index.php\/2026\/05\/04\/inauguramos-web\/\" target=\"_self\" >\u00a1Inauguramos WEB!<\/a><\/h2>\n\n\n<div class=\"wp-block-group is-nowrap is-layout-flex wp-container-core-group-is-layout-b098208d wp-block-group-is-layout-flex\"><div style=\"font-style:normal;font-weight:600;\" class=\"wp-block-post-date has-text-color has-primary-color has-superbfont-xsmall-font-size\"><time datetime=\"2026-05-04T14:32:59+00:00\"><a href=\"https:\/\/espaciogourmetika.com\/index.php\/2026\/05\/04\/inauguramos-web\/\">mayo 4, 2026<\/a><\/time><\/div>\n\n\n<p class=\"has-primary-color has-text-color\" style=\"font-style:normal;font-weight:600\">\u2022<\/p>\n\n\n<div style=\"font-style:normal;font-weight:600;\" class=\"wp-block-post-author-name has-text-color has-primary-color has-superbfont-xsmall-font-size\"><a href=\"https:\/\/espaciogourmetika.com\/index.php\/author\/admin\/\" target=\"_self\" class=\"wp-block-post-author-name__link\">admin<\/a><\/div><\/div>\n\n\n<div style=\"margin-top:20px;margin-right:0px;margin-bottom:0px;margin-left:0px;\" class=\"wp-block-post-excerpt has-text-color has-contrast-color\"><p class=\"wp-block-post-excerpt__excerpt\">Despu\u00e9s de meses de trabajo minucioso, ideas compartidas y una clara vocaci\u00f3n por hacer las cosas bien, hoy por fin presentamos la web de Espacio Gourm\u00e9tika. Esta web nace con un prop\u00f3sito sencillo: reunir toda la informaci\u00f3n de forma clara, cuidada y accesible, para que quienes se acerquen puedan ver&hellip; <\/p><\/div><\/div>\n<\/div>\n\n<\/li><\/ul><\/div>\n<\/main>\n\n    <div class=\"xs_social_share_widget xs_share_url after_content \t\tmain_content  wslu-style-1 wslu-share-box-shaped wslu-fill-colored wslu-none wslu-share-horizontal wslu-theme-font-no wslu-main_content\">\n\n\t\t\n        <ul>\n\t\t\t        <\/ul>\n    <\/div> \n","protected":false},"excerpt":{"rendered":"<p>Posts Recientes<\/p>\n","protected":false},"author":1,"featured_media":0,"parent":0,"menu_order":0,"comment_status":"closed","ping_status":"closed","template":"full-width","meta":{"postBodyCss":"","postBodyMargin":[],"postBodyPadding":[],"postBodyBackground":{"backgroundType":"classic","gradient":""},"_themeisle_gutenberg_block_has_review":false,"_joinchat":[],"footnotes":""},"class_list":["post-1299","page","type-page","status-publish","hentry"],"yoast_head":"<!-- This site is optimized with the Yoast SEO plugin v27.5 - https:\/\/yoast.com\/product\/yoast-seo-wordpress\/ -->\n<title>Noticias - Espacio Gourm\u00e9tika<\/title>\n<meta name=\"description\" content=\"P\u00e1gina de noticias de Espacio Gourm\u00e9tika. S\u00edguenos en nuestros posts para conocer la ultimo en organizaci\u00f3n de eventos\" \/>\n<meta name=\"robots\" content=\"index, follow, max-snippet:-1, max-image-preview:large, max-video-preview:-1\" \/>\n<link rel=\"canonical\" href=\"https:\/\/espaciogourmetika.com\/index.php\/noticias\/\" \/>\n<meta property=\"og:locale\" content=\"es_ES\" \/>\n<meta property=\"og:type\" content=\"article\" \/>\n<meta property=\"og:title\" content=\"Noticias - Espacio Gourm\u00e9tika\" \/>\n<meta property=\"og:description\" content=\"P\u00e1gina de noticias de Espacio Gourm\u00e9tika. S\u00edguenos en nuestros posts para conocer la ultimo en organizaci\u00f3n de eventos\" \/>\n<meta property=\"og:url\" content=\"https:\/\/espaciogourmetika.com\/index.php\/noticias\/\" \/>\n<meta property=\"og:site_name\" content=\"Espacio Gourm\u00e9tika\" \/>\n<meta property=\"article:modified_time\" content=\"2026-05-07T13:56:17+00:00\" \/>\n<meta name=\"twitter:card\" content=\"summary_large_image\" \/>\n<meta name=\"twitter:label1\" content=\"Tiempo de lectura\" \/>\n\t<meta name=\"twitter:data1\" content=\"1 minuto\" \/>\n<script type=\"application\/ld+json\" class=\"yoast-schema-graph\">{\"@context\":\"https:\\\/\\\/schema.org\",\"@graph\":[{\"@type\":\"WebPage\",\"@id\":\"https:\\\/\\\/espaciogourmetika.com\\\/index.php\\\/noticias\\\/\",\"url\":\"https:\\\/\\\/espaciogourmetika.com\\\/index.php\\\/noticias\\\/\",\"name\":\"Noticias - Espacio Gourm\u00e9tika\",\"isPartOf\":{\"@id\":\"https:\\\/\\\/espaciogourmetika.com\\\/#website\"},\"datePublished\":\"2026-04-26T21:06:17+00:00\",\"dateModified\":\"2026-05-07T13:56:17+00:00\",\"description\":\"P\u00e1gina de noticias de Espacio Gourm\u00e9tika. S\u00edguenos en nuestros posts para conocer la ultimo en organizaci\u00f3n de eventos\",\"breadcrumb\":{\"@id\":\"https:\\\/\\\/espaciogourmetika.com\\\/index.php\\\/noticias\\\/#breadcrumb\"},\"inLanguage\":\"es\",\"potentialAction\":[{\"@type\":\"ReadAction\",\"target\":[\"https:\\\/\\\/espaciogourmetika.com\\\/index.php\\\/noticias\\\/\"]}]},{\"@type\":\"BreadcrumbList\",\"@id\":\"https:\\\/\\\/espaciogourmetika.com\\\/index.php\\\/noticias\\\/#breadcrumb\",\"itemListElement\":[{\"@type\":\"ListItem\",\"position\":1,\"name\":\"Portada\",\"item\":\"https:\\\/\\\/espaciogourmetika.com\\\/\"},{\"@type\":\"ListItem\",\"position\":2,\"name\":\"Noticias\"}]},{\"@type\":\"WebSite\",\"@id\":\"https:\\\/\\\/espaciogourmetika.com\\\/#website\",\"url\":\"https:\\\/\\\/espaciogourmetika.com\\\/\",\"name\":\"Espacio Gourm\u00e9tika\",\"description\":\"Alquiler de espacio para eventos corporativos y celebraciones privadas en Madrid\",\"publisher\":{\"@id\":\"https:\\\/\\\/espaciogourmetika.com\\\/#organization\"},\"potentialAction\":[{\"@type\":\"SearchAction\",\"target\":{\"@type\":\"EntryPoint\",\"urlTemplate\":\"https:\\\/\\\/espaciogourmetika.com\\\/?s={search_term_string}\"},\"query-input\":{\"@type\":\"PropertyValueSpecification\",\"valueRequired\":true,\"valueName\":\"search_term_string\"}}],\"inLanguage\":\"es\"},{\"@type\":\"Organization\",\"@id\":\"https:\\\/\\\/espaciogourmetika.com\\\/#organization\",\"name\":\"Espacio Gourm\u00e9tika\",\"url\":\"https:\\\/\\\/espaciogourmetika.com\\\/\",\"logo\":{\"@type\":\"ImageObject\",\"inLanguage\":\"es\",\"@id\":\"https:\\\/\\\/espaciogourmetika.com\\\/#\\\/schema\\\/logo\\\/image\\\/\",\"url\":\"https:\\\/\\\/espaciogourmetika.com\\\/wp-content\\\/uploads\\\/2026\\\/04\\\/logo-espacio-gourmetika-web-scaled.png\",\"contentUrl\":\"https:\\\/\\\/espaciogourmetika.com\\\/wp-content\\\/uploads\\\/2026\\\/04\\\/logo-espacio-gourmetika-web-scaled.png\",\"width\":2560,\"height\":485,\"caption\":\"Espacio Gourm\u00e9tika\"},\"image\":{\"@id\":\"https:\\\/\\\/espaciogourmetika.com\\\/#\\\/schema\\\/logo\\\/image\\\/\"},\"sameAs\":[\"https:\\\/\\\/www.instagram.com\\\/espaciogourmetika?igsh=MXVlaHR0Nzk0b2RhdQ&utm_source=qr\",\"http:\\\/\\\/www.tiktok.com\\\/@espaciogourmetika\"]}]}<\/script>\n<!-- \/ Yoast SEO plugin. -->","yoast_head_json":{"title":"Noticias - Espacio Gourm\u00e9tika","description":"P\u00e1gina de noticias de Espacio Gourm\u00e9tika. S\u00edguenos en nuestros posts para conocer la ultimo en organizaci\u00f3n de eventos","robots":{"index":"index","follow":"follow","max-snippet":"max-snippet:-1","max-image-preview":"max-image-preview:large","max-video-preview":"max-video-preview:-1"},"canonical":"https:\/\/espaciogourmetika.com\/index.php\/noticias\/","og_locale":"es_ES","og_type":"article","og_title":"Noticias - Espacio Gourm\u00e9tika","og_description":"P\u00e1gina de noticias de Espacio Gourm\u00e9tika. S\u00edguenos en nuestros posts para conocer la ultimo en organizaci\u00f3n de eventos","og_url":"https:\/\/espaciogourmetika.com\/index.php\/noticias\/","og_site_name":"Espacio Gourm\u00e9tika","article_modified_time":"2026-05-07T13:56:17+00:00","twitter_card":"summary_large_image","twitter_misc":{"Tiempo de lectura":"1 minuto"},"schema":{"@context":"https:\/\/schema.org","@graph":[{"@type":"WebPage","@id":"https:\/\/espaciogourmetika.com\/index.php\/noticias\/","url":"https:\/\/espaciogourmetika.com\/index.php\/noticias\/","name":"Noticias - Espacio Gourm\u00e9tika","isPartOf":{"@id":"https:\/\/espaciogourmetika.com\/#website"},"datePublished":"2026-04-26T21:06:17+00:00","dateModified":"2026-05-07T13:56:17+00:00","description":"P\u00e1gina de noticias de Espacio Gourm\u00e9tika. S\u00edguenos en nuestros posts para conocer la ultimo en organizaci\u00f3n de eventos","breadcrumb":{"@id":"https:\/\/espaciogourmetika.com\/index.php\/noticias\/#breadcrumb"},"inLanguage":"es","potentialAction":[{"@type":"ReadAction","target":["https:\/\/espaciogourmetika.com\/index.php\/noticias\/"]}]},{"@type":"BreadcrumbList","@id":"https:\/\/espaciogourmetika.com\/index.php\/noticias\/#breadcrumb","itemListElement":[{"@type":"ListItem","position":1,"name":"Portada","item":"https:\/\/espaciogourmetika.com\/"},{"@type":"ListItem","position":2,"name":"Noticias"}]},{"@type":"WebSite","@id":"https:\/\/espaciogourmetika.com\/#website","url":"https:\/\/espaciogourmetika.com\/","name":"Espacio Gourm\u00e9tika","description":"Alquiler de espacio para eventos corporativos y celebraciones privadas en Madrid","publisher":{"@id":"https:\/\/espaciogourmetika.com\/#organization"},"potentialAction":[{"@type":"SearchAction","target":{"@type":"EntryPoint","urlTemplate":"https:\/\/espaciogourmetika.com\/?s={search_term_string}"},"query-input":{"@type":"PropertyValueSpecification","valueRequired":true,"valueName":"search_term_string"}}],"inLanguage":"es"},{"@type":"Organization","@id":"https:\/\/espaciogourmetika.com\/#organization","name":"Espacio Gourm\u00e9tika","url":"https:\/\/espaciogourmetika.com\/","logo":{"@type":"ImageObject","inLanguage":"es","@id":"https:\/\/espaciogourmetika.com\/#\/schema\/logo\/image\/","url":"https:\/\/espaciogourmetika.com\/wp-content\/uploads\/2026\/04\/logo-espacio-gourmetika-web-scaled.png","contentUrl":"https:\/\/espaciogourmetika.com\/wp-content\/uploads\/2026\/04\/logo-espacio-gourmetika-web-scaled.png","width":2560,"height":485,"caption":"Espacio Gourm\u00e9tika"},"image":{"@id":"https:\/\/espaciogourmetika.com\/#\/schema\/logo\/image\/"},"sameAs":["https:\/\/www.instagram.com\/espaciogourmetika?igsh=MXVlaHR0Nzk0b2RhdQ&utm_source=qr","http:\/\/www.tiktok.com\/@espaciogourmetika"]}]}},"_links":{"self":[{"href":"https:\/\/espaciogourmetika.com\/index.php\/wp-json\/wp\/v2\/pages\/1299","targetHints":{"allow":["GET"]}}],"collection":[{"href":"https:\/\/espaciogourmetika.com\/index.php\/wp-json\/wp\/v2\/pages"}],"about":[{"href":"https:\/\/espaciogourmetika.com\/index.php\/wp-json\/wp\/v2\/types\/page"}],"author":[{"embeddable":true,"href":"https:\/\/espaciogourmetika.com\/index.php\/wp-json\/wp\/v2\/users\/1"}],"replies":[{"embeddable":true,"href":"https:\/\/espaciogourmetika.com\/index.php\/wp-json\/wp\/v2\/comments?post=1299"}],"version-history":[{"count":1,"href":"https:\/\/espaciogourmetika.com\/index.php\/wp-json\/wp\/v2\/pages\/1299\/revisions"}],"predecessor-version":[{"id":1300,"href":"https:\/\/espaciogourmetika.com\/index.php\/wp-json\/wp\/v2\/pages\/1299\/revisions\/1300"}],"wp:attachment":[{"href":"https:\/\/espaciogourmetika.com\/index.php\/wp-json\/wp\/v2\/media?parent=1299"}],"curies":[{"name":"wp","href":"https:\/\/api.w.org\/{rel}","templated":true}]}}